{"id":1950,"date":"2011-05-05T13:19:19","date_gmt":"2011-05-05T11:19:19","guid":{"rendered":"http:\/\/www.trachtenverband-unterfranken.de\/?page_id=1950"},"modified":"2018-08-06T15:17:28","modified_gmt":"2018-08-06T13:17:28","slug":"gaufahne","status":"publish","type":"page","link":"https:\/\/www.trachtenverband-unterfranken.de\/?page_id=1950","title":{"rendered":"Gaufahne"},"content":{"rendered":"<p><a href=\"https:\/\/www.trachtenverband-unterfranken.de\/wp-content\/uploads\/2007\/07\/gaufest_sommerhausen_1_20070715_15409567221.jpg\"><img loading=\"lazy\" decoding=\"async\" class=\"alignright\" title=\"Gaufest Sommerhausen mit Fahnenweihe 2007\" src=\"https:\/\/www.trachtenverband-unterfranken.de\/wp-content\/uploads\/2007\/07\/gaufest_sommerhausen_1_20070715_15409567221-150x150.jpg\" alt=\"\" width=\"150\" height=\"150\" \/><\/a>Auf dunklem tannengr\u00fcnen Samt zeigt sich das unterfr\u00e4nkische Wappen umgeben von Symbolen, die die fr\u00e4nkische Heimatrepr\u00e4sentieren und die geographische Einordnung geben. Links und rechts vom Wappen steht auf einem rosa Seidenstoff gestickt\u00a0 &#8222;gegr\u00fcndet 1947&#8220;\u00a0(Gr\u00fcndungsjahr als Bezirk in der Vereinigungmlinks der Donau) und der Text &#8222;Trachtenverband Unterfranken&#8220;. Unter dem Wappen reihen sich vier Medaillonsn mit Eichenlaub als Symbol f\u00fcr den Spessart, der Silberdistel als Symbol f\u00fcr die Rh\u00f6n, den Weintrauben als Symbol f\u00fcr den S\u00fcden Unterfrankens und Gem\u00fcse f\u00fcr den Schweinfurter Raum. Da die regionalen Symbole flie\u00dfend sind und nicht ausschlie\u00dflich den Regionen Unterfrankens zuzuordnen sind, wurde dazwischen als verbindendes Symbol Getreide\u00e4hren angebracht.<\/p>\n<p><a href=\"https:\/\/www.trachtenverband-unterfranken.de\/wp-content\/uploads\/2007\/07\/gaufest_sommerhausen_2_20070715_1827547677.jpg\"><img loading=\"lazy\" decoding=\"async\" class=\"alignleft\" title=\"Gaufest Sommerhausen mit Fahnenweihe\" src=\"https:\/\/www.trachtenverband-unterfranken.de\/wp-content\/uploads\/2007\/07\/gaufest_sommerhausen_2_20070715_1827547677-150x150.jpg\" alt=\"\" width=\"150\" height=\"150\" \/><\/a>Die R\u00fcckseite der Gaufahne ist aus cremefarbener Seide. Auf ihr ist dargestellt, worum es den Trachtlern geht: &#8222;Sitt und Tracht der Alten wollen wir erhalten.&#8220; Sie zeigt ein Trachtenpaar, das zum Teil gestickt und zum Teil gemalt wurde. Verschieden Techniken der Fahnenkunst sind hier kombiniert. Gesichter und H\u00e4nde wurden gemalt und die Tracht gestickt, was den Trachtenpaar eine sehr hohe Lebendigkeit verleiht. Es handelt sich um das Tanzpaar aus Oberndorf,\u00a0 das Katharina Geiger anfangs des 19. Jahrhunderts gemalt hat und zeigt die Tracht in Unterfranken aus der Regierungszeit K\u00f6nig Ludwig I.<\/p>\n<p><strong><a href=\"https:\/\/www.trachtenverband-unterfranken.de\/wp-content\/uploads\/2007\/07\/gaufest_sommerhausen_3_20070715_1292335552.jpg\"><img loading=\"lazy\" decoding=\"async\" class=\"alignright\" title=\"Fahnenweihe 2007\" src=\"https:\/\/www.trachtenverband-unterfranken.de\/wp-content\/uploads\/2007\/07\/gaufest_sommerhausen_3_20070715_1292335552-150x150.jpg\" alt=\"\" width=\"150\" height=\"150\" \/><\/a>Prologe bei der Fahnenweihe 2007<\/strong><\/p>\n<p><strong>Fahnengel\u00f6bnis (Christian Baumann, Thomas Schnack)<br \/>\n<\/strong>\u201eIch gelobe Dir und Deinen Nachfolgern, diese Fahne stets mit Ehrfurcht und W\u00fcrde in guten wie in schweren Tagen als F\u00e4hnrich zu dienen, damit sie dem Trachtenverband Unterfranken und der ganzen Trachtenbewegung zur Ehre gereiche. Mit Gottes Hilfe\u201c.<\/p>\n<p><strong>Fahnenband\u00fcbergabe Unterfranken an Isargau (Michaela Sitzmann)<br \/>\n<\/strong>&#8222;Ihr alle, die Ihr freudig heut den Weg zu uns gefunden, dieses Band, es m\u00f6ge Euch bekunden, dass es in Treue binden soll uns alle Zeit, dass wir zum Danke sind f\u00fcr Euch bereit. Vereint f\u00fcr Heimatsache, Heimatart, sind wir um unsere Fahnen nun geschart. Sie sollen immer um uns wehen, wir wollen immer treu zusammen stehen. Und wie wir stets in Ehren Euer gedenken, zu allen Stunden m\u00f6get Ihrs bedenken. So wollt auch Ihr uns stets zur Seite sein. Dies Band, es m\u00f6g das treue B\u00fcndnis weih\u2019n!&#8220;<\/p>\n<p><strong>Fahnenpatin (Hella Hanke)<br \/>\n<\/strong>&#8222;Zur Fahnenpatin habt Ihr mich geehrt Drum sei dies Band von Herzen Euch beschert. Es m\u00f6g\u2019 uns binden nun f\u00fcr alle Zeit Mit Rat und Tat steh ich bereit. Vergesset nie, der Fahne treu zu bleiben vergesset nie, der Heimatsache Euch zu weih\u2019n Bleibt treu der Tracht, der Heimat und der Sitt\u2019 Das ist\u2019s, um was ich heute bitt\u2019 Ruft Euch das Schicksal an, wo irgendher und ist der Weg f\u00fcr Euch auch manchmal schwer, Bleibt stark \u2013 komm\u2019 was da kommen mag Tragt die Fahne immer in den hellen Tag. Dies w\u00fcnscht Euch Euere Fahnenpatin zu diesem Band.&#8220;<\/p>\n<p><strong>\u00dcbergabe Totenband (Petra D\u00fcrr)<br \/>\n<\/strong>&#8222;Sie ruhen still in k\u00fchler Heimaterde, Sie ruhen drau\u00dfen, Gott wei\u00df wo &#8211; in weiter Ferne. Doch immer leben sie in unsern Reih\u2019n Und wollen nicht vergessen sein! Stets zu danken, das ist unsre Pflicht, Gott sei\u2019s gelobt: Wir vergessen nicht! Sie waren uns treu zu allen Stunden Und haben immer Ihren Weg zu uns gefunden. In Ihrem Sinne bleiben wir der Heimat treu. Dies unser Dank an Euch in dieser Stunde sei!&#8220;<\/p>\n<p><strong>\u00dcbergabe des Patenbandes<br \/>\n<\/strong>Das ihr uns als Paten f\u00fcr euer Fahnenweih koid habt`s her<br \/>\nwar f\u00fcr`n Isargau a gro\u00dfe Ehr.<br \/>\nWia mia von eich des ham vernomma<br \/>\nwar`n ma a von no weiter her kumma.<br \/>\nMia Trachtler solltn mit sicherer Hand<br \/>\nan Zammahalt und`s Brauchtum pflegen<br \/>\ndann bleibt unser Hoamat und unser Land<br \/>\ngesch\u00fctzt in Gottes Hand gelegen.<br \/>\nSo h\u00e4ng i dann der Fahna no<br \/>\nois Gschenk von uns a Bandl o.<br \/>\nSo fest, wia des Band mit dem Schaft verbunden is jetz glei<br \/>\nso fest, soi stets a unser Freindschaft sei.<\/p>\n","protected":false},"excerpt":{"rendered":"<p>Auf dunklem tannengr\u00fcnen Samt zeigt sich das unterfr\u00e4nkische Wappen umgeben von Symbolen, die die fr\u00e4nkische Heimatrepr\u00e4sentieren und die geographische Einordnung geben. Links und rechts vom Wappen steht auf einem rosa Seidenstoff gestickt\u00a0 &#8222;gegr\u00fcndet 1947&#8220;\u00a0(Gr\u00fcndungsjahr als Bezirk in der Vereinigungmlinks der Donau) und der Text &#8222;Trachtenverband Unterfranken&#8220;. Unter dem Wappen reihen sich vier Medaillonsn mit Eichenlaub &hellip; <a href=\"https:\/\/www.trachtenverband-unterfranken.de\/?page_id=1950\" class=\"more-link\"><span class=\"screen-reader-text\">Gaufahne<\/span> weiterlesen<\/a><\/p>\n","protected":false},"author":1,"featured_media":0,"parent":660,"menu_order":0,"comment_status":"closed","ping_status":"closed","template":"","meta":{"footnotes":""},"_links":{"self":[{"href":"https:\/\/www.trachtenverband-unterfranken.de\/index.php?rest_route=\/wp\/v2\/pages\/1950"}],"collection":[{"href":"https:\/\/www.trachtenverband-unterfranken.de\/index.php?rest_route=\/wp\/v2\/pages"}],"about":[{"href":"https:\/\/www.trachtenverband-unterfranken.de\/index.php?rest_route=\/wp\/v2\/types\/page"}],"author":[{"embeddable":true,"href":"https:\/\/www.trachtenverband-unterfranken.de\/index.php?rest_route=\/wp\/v2\/users\/1"}],"replies":[{"embeddable":true,"href":"https:\/\/www.trachtenverband-unterfranken.de\/index.php?rest_route=%2Fwp%2Fv2%2Fcomments&post=1950"}],"version-history":[{"count":3,"href":"https:\/\/www.trachtenverband-unterfranken.de\/index.php?rest_route=\/wp\/v2\/pages\/1950\/revisions"}],"predecessor-version":[{"id":5081,"href":"https:\/\/www.trachtenverband-unterfranken.de\/index.php?rest_route=\/wp\/v2\/pages\/1950\/revisions\/5081"}],"up":[{"embeddable":true,"href":"https:\/\/www.trachtenverband-unterfranken.de\/index.php?rest_route=\/wp\/v2\/pages\/660"}],"wp:attachment":[{"href":"https:\/\/www.trachtenverband-unterfranken.de\/index.php?rest_route=%2Fwp%2Fv2%2Fmedia&parent=1950"}],"curies":[{"name":"wp","href":"https:\/\/api.w.org\/{rel}","templated":true}]}}