{"id":2976,"date":"2013-02-26T10:55:20","date_gmt":"2013-02-26T09:55:20","guid":{"rendered":"http:\/\/www.trachtenverband-unterfranken.de\/?page_id=2976"},"modified":"2018-08-06T22:42:27","modified_gmt":"2018-08-06T20:42:27","slug":"trachtenfest","status":"publish","type":"page","link":"https:\/\/www.trachtenverband-unterfranken.de\/?page_id=2976","title":{"rendered":"Trachtenfest"},"content":{"rendered":"<ul id=\"menu-trachtenfest\">\n<li id=\"menu-item-3547\"><a href=\"https:\/\/www.trachtenverband-unterfranken.de\/?page_id=2976\">Infos<\/a><\/li>\n<li id=\"menu-item-3553\"><a href=\"https:\/\/www.trachtenverband-unterfranken.de\/?page_id=3549\">Geschichte<\/a><\/li>\n<li id=\"menu-item-3548\"><a href=\"https:\/\/www.trachtenverband-unterfranken.de\/?cat=35\">Neues vom Trachtenfest<\/a><\/li>\n<li id=\"menu-item-3554\"><a href=\"https:\/\/www.facebook.com\/Trachtenfest.Ufr\">auf Facebook<\/a><\/li>\n<\/ul>\n<h2><strong>Gau-Trachtenfest<\/strong><\/h2>\n<p>Das zentrale Fest unseres Verbandes ist das Gautrachtenfest, das in der Regel j\u00e4hrlich in wechselnden Orten stattfindet. Hier kommen die Trachtenvereine zusammen und zeigen sich bei einem farbenpr\u00e4chtigen Festzug. Tanzvorf\u00fchrungen finden meist im Festzelt statt.<\/p>\n<h2><strong>6. Ufr. Gau-Trachtenfest in Schweinfurt<\/strong><\/h2>\n<p>Das Gaufest im Juni 2013 in Geldersheim war ein toller Erfolg. Jetzt blicken wir mit Freude in die Zukunft: am 21.06.2014 findet in Verbindung mit dem Schweinfurter Volksfestumzug das n\u00e4chste Gautrachtenfest statt. Nach dem Festzug finden Ehrent\u00e4nze im Volksfestzelt statt. Danach ist freier Volkstanz bis zum Abendprogramm.<\/p>\n<p><strong>Festzug<br \/>\n<\/strong>Der Festzug beginnt am Marktplatz in Schweinfurt um 12.30 Uhr. Aufstellung 11.30 Uhr im Bereich R\u00fcckertstra\u00dfe (und Nebenstra\u00dfen). Der Festzug geht durch die Zehntstra\u00dfe, Manggasse, Ro\u00dfmarkt, J\u00e4gersbrunnen, R\u00fcfferstra\u00dfe, Spitalseeplatz, Friedrich-Stein-Stra\u00dfe, Ignatz-Sch\u00f6n-Stra\u00dfe, Florian-Geyer-str. um Volksfestplatz. Dort finden am Festzelt der Fahneneinzug, die Er\u00f6ffnung des Gautrachtenfestes und die anschlie\u00dfenden Ehrent\u00e4nze der Trachtenvereine statt. Zum Festnachmittag spielen die jungen Sennfelder.<\/p>\n<p><strong>Ehrent\u00e4nze<br \/>\n<\/strong>Die Ehrent\u00e4nze bitte mit unseren Gauvort\u00e4nzern Florian Kre\u00df und Bianca Sch\u00f6nig abstimmen. Die beiden werden am Nachmittag in bew\u00e4hrter Weise durch das Programm f\u00fchren.<\/p>\n<p><strong>Parkpl\u00e4tze<\/strong><br \/>\nParkpl\u00e4tze f\u00fcr G\u00e4ste sind in der N\u00e4he des Volksfestplatzes vorhanden. Die Teilnehmer wurden von der Stadt Schweinfurt angeschrieben und auf Parkpl\u00e4tze hingewiesen. Hier empfehle ich, wer mit Bussen anreist: Lasst Euch zur Aufstellung in die Stadt fahren und schickt den Bus dann Richtung Volksfestplatz zum parken. Siehe Parkhinweise der Stadt Schweinfurt.<\/p>\n","protected":false},"excerpt":{"rendered":"<p>Infos Geschichte Neues vom Trachtenfest auf Facebook Gau-Trachtenfest Das zentrale Fest unseres Verbandes ist das Gautrachtenfest, das in der Regel j\u00e4hrlich in wechselnden Orten stattfindet. Hier kommen die Trachtenvereine zusammen und zeigen sich bei einem farbenpr\u00e4chtigen Festzug. Tanzvorf\u00fchrungen finden meist im Festzelt statt. 6. Ufr. Gau-Trachtenfest in Schweinfurt Das Gaufest im Juni 2013 in Geldersheim &hellip; <a href=\"https:\/\/www.trachtenverband-unterfranken.de\/?page_id=2976\" class=\"more-link\"><span class=\"screen-reader-text\">Trachtenfest<\/span> weiterlesen<\/a><\/p>\n","protected":false},"author":3,"featured_media":0,"parent":0,"menu_order":6,"comment_status":"closed","ping_status":"closed","template":"","meta":{"footnotes":""},"_links":{"self":[{"href":"https:\/\/www.trachtenverband-unterfranken.de\/index.php?rest_route=\/wp\/v2\/pages\/2976"}],"collection":[{"href":"https:\/\/www.trachtenverband-unterfranken.de\/index.php?rest_route=\/wp\/v2\/pages"}],"about":[{"href":"https:\/\/www.trachtenverband-unterfranken.de\/index.php?rest_route=\/wp\/v2\/types\/page"}],"author":[{"embeddable":true,"href":"https:\/\/www.trachtenverband-unterfranken.de\/index.php?rest_route=\/wp\/v2\/users\/3"}],"replies":[{"embeddable":true,"href":"https:\/\/www.trachtenverband-unterfranken.de\/index.php?rest_route=%2Fwp%2Fv2%2Fcomments&post=2976"}],"version-history":[{"count":50,"href":"https:\/\/www.trachtenverband-unterfranken.de\/index.php?rest_route=\/wp\/v2\/pages\/2976\/revisions"}],"predecessor-version":[{"id":5116,"href":"https:\/\/www.trachtenverband-unterfranken.de\/index.php?rest_route=\/wp\/v2\/pages\/2976\/revisions\/5116"}],"wp:attachment":[{"href":"https:\/\/www.trachtenverband-unterfranken.de\/index.php?rest_route=%2Fwp%2Fv2%2Fmedia&parent=2976"}],"curies":[{"name":"wp","href":"https:\/\/api.w.org\/{rel}","templated":true}]}}