{"id":3549,"date":"2013-10-14T11:29:35","date_gmt":"2013-10-14T09:29:35","guid":{"rendered":"http:\/\/www.trachtenverband-unterfranken.de\/?page_id=3549"},"modified":"2018-08-09T22:45:35","modified_gmt":"2018-08-09T20:45:35","slug":"geschichte","status":"publish","type":"page","link":"https:\/\/www.trachtenverband-unterfranken.de\/?page_id=3549","title":{"rendered":"Geschichte"},"content":{"rendered":"<ul id=\"menu-trachtenfest\">\n<li id=\"menu-item-3547\"><a href=\"https:\/\/www.trachtenverband-unterfranken.de\/?page_id=2976\">Infos zum Trachtenfest<\/a><\/li>\n<li id=\"menu-item-3548\"><a href=\"https:\/\/www.trachtenverband-unterfranken.de\/?cat=35\">Neues vom Trachtenfest<\/a><\/li>\n<li id=\"menu-item-3554\"><a href=\"https:\/\/www.facebook.com\/Trachtenfest.Ufr\">auf Facebook<\/a><\/li>\n<\/ul>\n<h2><strong>6. Ufr. Gau-Trachtenfest in Schweinfurt<\/strong><\/h2>\n<p>Das Gaufest im Juni 2013 in Geldersheim war ein toller Erfolg. Jetzt blicken wir mit Freude in die Zukunft: am 21.06.2014 findet in Verbindung mit dem Schweinfurter Volksfestumzug das n\u00e4chste Gautrachtenfest statt. Nach dem Festzug finden Ehrent\u00e4nze im Volksfestzelt statt. Danach ist freier Volkstanz bis zum Abendprogramm. Weitere Infos folgen noch zeitnah.<\/p>\n<h2><\/h2>\n<h2><strong>5. Ufr. Gau-Trachtenfest in Geldersheim<\/strong><\/h2>\n<p><strong>14. &#8211; 17. Juni 2013<br \/>\n<\/strong><\/p>\n<p><a href=\"http:\/\/www.heimatverein-geldersheim.de\" target=\"_blank\" rel=\"noopener\">www.heimatverein-geldersheim.de<\/a><strong><br \/>\n<\/strong><\/p>\n<p>Das 5. Gau-Trachtenfest in Geldersheim wurde mit Stimmungsmusik durch die Partyv\u00f6gel am Freitag er\u00f6ffnet. Am Heimatabend wurden Georg und Rosi Huppmann f\u00fcr 25 Jahre Trachttragen vom Trachtenverband Unterfranken e.V. ausgezeichnet und die Gr\u00fcndungsmitglieder und 25-j\u00e4hrigen Mitglieder vom 1. Vorsitzenden Wilfried Brust geehrt. Zuvor fand am Friedhof ein Totengedenken statt, an dem schon zahlreiche Trachtenvereine und Ortsvereinsabordnungen teilgenommen haben.<\/p>\n<p>Wir haben stellvertretend f\u00fcr alle unsere verstorbenen Mitglieder am Grab unserer Fahnenmutter, der \u201cWolze Rettl\u201d, eine Blumenschale niedergelegt. Das gr\u00f6\u00dfte Geschenk war f\u00fcr uns am Festsonntag der farbenpr\u00e4chtige Festzug bei sch\u00f6nstem Wetter durch unser Heimatdorf mit zahlreichen Zuschauern. Bereits am Morgen waren zahlreiche Trachtler zum Kirchenzug gekommen. Unsere Pfarrkirche war voll besetzt und Dekan M\u00fchleck hat mit uns einen sch\u00f6nen und sehr feierlichen Gottesdienst gefeiert. Wir danken an dieser Stelle auch unserer Schirmherrin B\u00fcrgermeisterin Ruth Hanna Gube und dem Landesvorsitzenden des Bay. Trachtenverbandes a.D. Otto Dufter aus Unterw\u00f6ssen.<\/p>\n<p>Auch unseren G\u00e4sten aus Brasilien und Lettland hat unser Trachtenfest sehr gut gefallen. Die Senioren, die unser Fest am Montagnachmittag besucht haben, konnten noch einmal unsere Kindertanzgruppe mit fr\u00e4nkischen T\u00e4nzen und die Brasilianer mit traditionellen T\u00e4nzen aus verschiedenen Bundesl\u00e4ndern Brasiliens erleben. Am Montagabend haben die Stammheimer abseits der gro\u00dfen B\u00fchne drau\u00dfen vor dem Zelt bei der voll besetzten Au\u00dfenbestuhlung mit z\u00fcnftiger Blasmusik ohne technische Verst\u00e4rker f\u00fcr z\u00fcnftige Stimmung und einen sch\u00f6nen Kehraus gesorgt.<\/p>\n<p><a href=\"http:\/\/www.heimatverein-geldersheim.de\/presseberichte-zum-trachtenfestumzug\/\" target=\"_blank\" rel=\"noopener\">Presseberichte<\/a><\/p>\n<p>i. A. Oliver Brust<\/p>\n<h2 data-ft=\"{&quot;tn&quot;:&quot;C&quot;}\"><\/h2>\n<h2 data-ft=\"{&quot;tn&quot;:&quot;C&quot;}\">4. Unterfr\u00e4nkische Gautrachtenfest in Sennfeld<\/h2>\n<p><strong>7. Juli 2012 <\/strong><\/p>\n<p data-ft=\"{&quot;tn&quot;:&quot;C&quot;}\">Drei Tage feierten die Sennfelder und ihre G\u00e4ste das 90j\u00e4hrige Gr\u00fcndungsjubil\u00e4um des Volkstrachtenerhaltungsvereins \u201eDie Semflder\u201c verbunden mit den 5.Unterfr\u00e4nkischen Heimatkulturtagen und dem 4.Gautrachtenfest des Trachtenverbandes Unterfranken. Sennfeld liegt am Stadtrand von Schweinfurt und ist ein traditionelles Gem\u00fcseanbaudorf. Der Sennfelder Trachtenverein wurde am 27.01.1922 von sieben heimatverbundenen Sennfelder B\u00fcrgern gegr\u00fcndet. Die Sennfelder trugen von der Gr\u00fcndung an die historische Volkstracht wie sie im Ort noch bis zum Ende des 19. Jahrhunderts \u00fcblich war. Die Tracht stammt urspr\u00fcnglich aus dem 17. Jahrhundert. Mit der j\u00e4hrlichen Ausrichtung der Semflder Kirm (Kirchweih) haben sie eine wichtige Funktion im Ortsgeschehen und noch viel mehr. Sie tragen jedes Jahr mit der Kirm dazu bei, dass der Kirchweihbrauch und damit der Plantanz erhalten und an die Jugend weitergegeben wird. Der Brauch wird nicht k\u00fcnstlich am Leben gehalten, sondern er lebt! Und er ist lebendig bei j\u00fcngeren und \u00e4lteren Menschen. Das ist bestimmt auch der Schl\u00fcssel zum Erfolg der Sennfelder. Ein Verein mit 300 Mitgliedern, von denen die meisten Trachtentr\u00e4ger sind! Mit Kinder-, Jugend- und Erwachsenentanzgruppen, zwei Blaskapellen, Brauchtumsabenden, Strickabenden usw. Das Gautrachtenfest begann mit einem Blasmusikabend der Spitzenklasse mit den Scherzachtaler Musikanten am Freitag. Am Samstag folgte nach der Totenehrung am Friedhof der Heimatabend im Festzelt. Zum vierst\u00fcndigen abwechslungsreichen Programm trugen neben den Gesangsdarbietungen der \u201eAurataler\u201c mit ihren T\u00e4nzen die Gaujugend und die Gautanzgruppe Unterfranken, der Donaugau-Trachtenverband sowie die Trachtenvereine aus Wemding, Sommerhausen, aus Eichst\u00e4tt und Gungolding bei. Aus dem Landkreis Schweinfurt traten auf die Tanzgruppen der Trachtenvereine aus Geldersheim, Gochsheim und R\u00f6thlein sowie die der\u201eSemflder\u201c mit einer Erwachsenen-und zwei Jugendtanzgruppen. F\u00fcr Begleitung und Unterhaltung sorgten \u201eDie Jungen Sennfelder\u201c. \u201eAuf die Anwesenheit der Spitze des Bayerischen Trachtenverbandes mit Vorsitzendem Max Bertl sowie seiner Stellvertreter Renate Koch und Andreas Tax beim Heimatabend bin ich besonders stolz\u201c, erkl\u00e4rte der Gauvorstand des Trachtenverbandes Unterfranken Oliver Brust. Er bezeichnete dies auch als besondere Wertsch\u00e4tzung f\u00fcr die \u201eSemflder\u201c. F\u00fcr die Erhaltung der Tracht in seiner historisch verb\u00fcrgten Form, die Identit\u00e4t und Freunde schafft und die es wert ist, sie weiter zutragen, setzte sich Bezirksheimatpfleger Professor Klaus Reder ein. Landrat Harald Leitherer hob hervor, dass es den \u201eSemfldern\u201c ein wichtiges Anliegen ist, den Nachwuchs zu f\u00f6rdern sowie junge Menschen f\u00fcr Trachten und f\u00fcr die Musik zu begeistern. Damit leiste der Verein \u201eeinen wertvollen Beitrag zum Erhalt unseres heimischen Kulturguts. Diese Jugendarbeit w\u00fcrdigten auch die stellvertretende Landesjugendvertreterin der bayerischen Trachtenjugend Yvonne Schneider und die Gau-Jugendvertreterin des Trachtenverbandes Unterfranken Inge Burkhard-Vatterodt. Helmut B\u00fcschel erhielt von ihnen die Ehrennadel in Silber und die Urkunde des bayerischen Trachtenverbandes f\u00fcr vorbildliche Jugendarbeit. So habe B\u00fcschel entscheidend zur Gr\u00fcndung der \u201eJungen Sennfelder\u201c im Jahr 1996 beigetragen, Zeltlager mit dem Patenverein Sulzbach-Rosenberg initiiert sowie die Vereinsjugendarbeit mit Familiennachmittagen, Faschingsveranstaltungen und anderen Veranstaltungen unterst\u00fctzt. Mit Ehrennadel in Silber und Urkunde zeichneten sie au\u00dferdem Birgit H\u00fcbner vom Verein f\u00fcr Heimat und Brauchtumspflege Geldersheim aus. Als erste Jugendleiterin seit 1998 leitet sie die Kindertanzgruppe, f\u00fchrt regelm\u00e4\u00dfig Tanzproben durch. Hinzukommen Auftritte bei Jubil\u00e4en, Veranstaltungen der Gemeinde und der Gaujugend sowie die Organisation von Ausfl\u00fcgen f\u00fcr die Jugend und von Ferienspa\u00dfnahmen. Als einen der H\u00f6hepunkte empfanden die Sennfelder auch den \u00f6kumenischen Gottesdienst mitgestaltet vom Posaunenchor und einem Gemeinschaftschor, gebildet aus allen Sennfelder Ch\u00f6ren. In seiner Predigt w\u00fcnschte sich Pfarrer Stauch, dass die gelebte Gemeinschaft der \u201eSemflder\u201c auch in Zukunft fest verwurzelt in Gott ist. Besondere Ehrungen standen nach dem Gottesdienst an: Der neue Landesvorsitzende des Bay. Trachtenverbanden Max Bertl zeichnet Adi M\u00fcller mit der Lehrer-Vogel-Medaille des Bay . Trachtenverbandes aus. Adi M\u00fcller war fr\u00fcher Bez.Vort\u00e4nzer in Unterfranken, dann Bez.Vorsitzender und stellvertr. Vorsitzender des Bay Trachtenverbandes. F\u00fcr sein langj\u00e4hriges Wirken im Gau und insbesondere auch auf Landesebene erhielt er das Ehrenzeichen. Peter Kluge (ehem. Gaumusikwart) und Dieter M\u00fcller (ehem. Gauvort\u00e4nzer) wurden von den Gauvorst\u00e4nden Oliver Brust und Manfred Sitzmann zu Ehrenmitgliedern im Trachtenverband Unterfranken e.V. ernannt. Am Nachmittag folgte der gro\u00dfe Festzug durch Sennfeld und anschlie\u00dfend Fahneneinzug in Festzelt am Sennfelder See. Nach dem Gru\u00dfwort des Schirmherren, Herrn Bezirkstagspr\u00e4sidenten Erwin Dotzel, folgten auf der B\u00fchne die Tanzdarbietungen der Gastvereine. Neben dem Festzelt war ein gro\u00dfer Trachtenmarkt aufgebaut, der von den Trachtlern rege angenommen wurde. Am Sonntagabend konnte der Sennfelder Vorstand Helmut B\u00fcschel mit Stolz auf drei gelungene Festtage zur\u00fcckblicken.<\/p>\n<ol>\n<li>Oliver Brust<\/li>\n<\/ol>\n<h2 data-ft=\"{&quot;tn&quot;:&quot;C&quot;}\"><\/h2>\n<h2 data-ft=\"{&quot;tn&quot;:&quot;C&quot;}\">3. Unterfr\u00e4nkische Gautrachtenfest in R\u00f6thlein<\/h2>\n<p><strong><abbr title=\"31. Juli 2010\" data-utime=\"1280602800\">31. Juli 2010<\/abbr><\/strong><\/p>\n<p data-ft=\"{&quot;tn&quot;:&quot;C&quot;}\">Ein buntes Bild von Trachtentr\u00e4gern und Tr\u00e4gerinnen pr\u00e4gten am vergangenen Wochenende R\u00f6thlein. Zum 3. Unterfr\u00e4nkischen Gautrachtenfest verbunden mit dem 60.j\u00e4hrigen Jubil\u00e4um des Volkstrachtenvereins R\u00f6thlein trafen sich die Trachtenvereine aus Unterfranken. Auch zwei Vereine aus Ismaning und Dorfen von unserem dem Patengau, dem Isargau nahmen zusammen mit einer Delegation der Gauvorstandschaft \u2013 allen voran Gauvorstand Michael Unruh \u2013 teil. Die unterfr\u00e4nkischen Trachtenvereine repr\u00e4sentierten die bunte Vielfalt der Fr\u00e4nkischen Trachten von der Rh\u00f6n \u00fcber die Ha\u00dfberge bis hin zum Spessart und den Ochsenfurter Gau.<\/p>\n<p>Der Heimat- und Kommersabend bildete am Samstagabend den ersten H\u00f6hepunkt des Festes. Unser Landesvorsitzende Otto Dufter appellierte in seinem bewegenden Gru\u00dfwort an alle Menschen sich zu Tracht und Heimat zu bekennen und auch wieder im Alltag die Tracht zu tragen. F\u00fcr die Tracht m\u00fcsse man sich nicht sch\u00e4men \u2013 im Gegenteil, man kann sehr stolz darauf sein. Beim Heimatabend wurden nicht nur die Gr\u00fcndungsmitglieder geehrt, die Bayrische Trachtenjugend, vertreten durch das Landesjugendausschussmitglied Yvonne Schneider aus dem oberfr\u00e4nkischen Weidenberg, \u00fcberreichte neben einer Urkunde Georg Eberhorn das Silberne Ehrenzeichen sowie seiner Frau Irene Eberhorn aus R\u00f6thlein und Irmgard Seifert aus Nordheim \/ Rh\u00f6n das goldene Ehrenzeichen f\u00fcr ihre aktive Jugendarbeit. Alle drei haben \u00fcber viele Jahre hinweg die Jugendarbeit in ihren Vereinen als Jugendleiter aktiv mitgestaltet und hielten gute Kontakte zur Unterfr\u00e4nkischen Trachtenjugend. Dar\u00fcber hinaus engagierte sich die Familie Eberhorn auch im Kreisjugendring Schweinfurt. Gaujugendleiterin Inge Burkhard-Vatterodt aus Sennfeld \u00fcbermittelte die Gl\u00fcckw\u00fcnsche der Unterfr\u00e4nkischen Trachtler.<\/p>\n<p>Der festliche Gottesdienst in der vollen Pfarrkirche St. Jakobus in R\u00f6thlein mit Pfarrer Norbert Clausen war der Start f\u00fcr den Sonntag. Pfarrer Clausen gratuliert zun\u00e4chst dem Jubelverein und w\u00fcnsche dem Gauverband ein frohes und heiteres Fest. Der unterfr\u00e4nkische Bezirkstagspr\u00e4sident Erwin Dotzel, selbstverst\u00e4ndlich in fr\u00e4nkischer Tracht, nahm bereits am Gottesdienst teil und gr\u00fc\u00dfte nach dem Kirchenzug im Festzelt die unterfr\u00e4nkischen Trachtler. Anschlie\u00dfend zeigten die Tanz- und Jugendgruppen der Gastvereine und die Gautanzgruppe ihre Ehrent\u00e4nze auf der B\u00fchne des Festzeltes. H\u00f6hepunkt des Sonntags bildete der farbenfrohe Festzug, bei dem alle Trachtler und Trachtlerinnen m\u00e4chtig ins schwitzen kamen. Die gute Freundschaft zum Gautrachtenverband Oberfranken zeigte sich im Besuch der stellv. Gauvorsitzenden Renate Koch aus Kunreuth. Schirmherr Michael Glos, Bundesminister a.D. gefiel vor allem, dass viele junge Menschen gerade beim Jubelverein in R\u00f6thlein, durch die Pflege des Brauchtums zu ihrer wunderbaren fr\u00e4nkischen Heimat bekennen. Stellvertretender Gauvort\u00e4nzer Florian Kress und Gauvorsitzender Oliver Brust f\u00fchrten gekonnt durch den Nachmittag mit dem Fahneneinzug der teilnehmenden Vereine und den Ehrent\u00e4nze<\/p>\n<h2 data-ft=\"{&quot;tn&quot;:&quot;C&quot;}\"><\/h2>\n<h2 data-ft=\"{&quot;tn&quot;:&quot;C&quot;}\"><strong>2. Ufr. Gaufest in Zeil<\/strong><\/h2>\n<div>Am 31.5.2008<\/div>\n<h2 data-ft=\"{&quot;tn&quot;:&quot;C&quot;}\"><\/h2>\n<h2 data-ft=\"{&quot;tn&quot;:&quot;C&quot;}\"><strong>1. Ufr. Gaufest mit Gaufahnenweihe in Sommerhausen<\/strong><\/h2>\n<div>7. bis 8.7.2007 in Sommerhausen<\/div>\n<div><\/div>\n<h2>Gau- bzw. fr\u00fchere Bez.Feste des Trachtenverband Unterfranken e.V.<\/h2>\n<table width=\"632\">\n<tbody>\n<tr>\n<td width=\"80\">Jahr<\/td>\n<td width=\"204\">Ort<\/td>\n<td width=\"268\">Kommentar<\/td>\n<td width=\"80\"><\/td>\n<\/tr>\n<tr>\n<td>2014<\/td>\n<td>Schweinfurt (Volksfest)<\/td>\n<td>6. Ufr. Gautrachtenfest<\/td>\n<td>21.06.2014<\/td>\n<\/tr>\n<tr>\n<td>2013<\/td>\n<td>Geldersheim<\/td>\n<td>5. Ufr. Gautrachtenfest und 6. Heimatkulturtage<\/td>\n<td>14.-17.06.<\/td>\n<\/tr>\n<tr>\n<td>2012<\/td>\n<td>Sennfeld<\/td>\n<td>4. Ufr. Gautrachtenfest und 5. Heimatkulturstage<\/td>\n<td>07.-08.07.<\/td>\n<\/tr>\n<tr>\n<td>2011<\/td>\n<td>Glasofen<\/td>\n<td>Trachtenfest<\/td>\n<td>09.-10.07.<\/td>\n<\/tr>\n<tr>\n<td>2010<\/td>\n<td>R\u00f6thlein<\/td>\n<td>3. Ufr. Gaufest<\/td>\n<td>31.06.-01.07.<\/td>\n<\/tr>\n<tr>\n<td>2009<\/td>\n<td>Gochsheim<\/td>\n<td>Heimatkulturtage<\/td>\n<td>20.-21.06.<\/td>\n<\/tr>\n<tr>\n<td>2008<\/td>\n<td>Zeil<\/td>\n<td>2. Ufr. Gaufest<\/td>\n<td>31.05.<\/td>\n<\/tr>\n<tr>\n<td>2008<\/td>\n<td>M\u00fcnchen<\/td>\n<td>Deutscher Trachtentag<\/td>\n<td>14.-15.06.<\/td>\n<\/tr>\n<tr>\n<td>2007<\/td>\n<td>Oberelsbach<\/td>\n<td>Heimatkulturtage<\/td>\n<td>05.-06.05.<\/td>\n<\/tr>\n<tr>\n<td>2007<\/td>\n<td>Sommerhausen<\/td>\n<td>1. Ufr. Gaufest mit Gaufahnenweihe<\/td>\n<td>07.-08.07<\/td>\n<\/tr>\n<tr>\n<td>2006<\/td>\n<td>Oberelsbach<\/td>\n<td>Bez.Fest<\/td>\n<td>14.05.<\/td>\n<\/tr>\n<tr>\n<td>2006<\/td>\n<td>Markt Einersheim<\/td>\n<td>Jugendvolkstanz<\/td>\n<td>20.05.<\/td>\n<\/tr>\n<tr>\n<td>2006<\/td>\n<td>Unterfranken<\/td>\n<td>Beschluss eigener Gau<\/td>\n<td>26.03.<\/td>\n<\/tr>\n<tr>\n<td>2005<\/td>\n<td>Burgsinn<\/td>\n<td>Heimatkulturtage<\/td>\n<td>16.-17.07.<\/td>\n<\/tr>\n<tr>\n<td>2005<\/td>\n<td>Abtsroda<\/td>\n<td>Trachtenwallfahrt<\/td>\n<td>29.05.<\/td>\n<\/tr>\n<tr>\n<td>2003<\/td>\n<td>Geldersheim<\/td>\n<td>Heimatkulturtage<\/td>\n<td>17.-18.05.<\/td>\n<\/tr>\n<tr>\n<td>2002<\/td>\n<td>Schweinfurt<\/td>\n<td>Bez.Fest<\/td>\n<td>25.-26.05.<\/td>\n<\/tr>\n<tr>\n<td>2000<\/td>\n<td>Karlstadt<\/td>\n<td>Gaufest<\/td>\n<td>24.-25.06.<\/td>\n<\/tr>\n<tr>\n<td>2000<\/td>\n<td>Kitzingen<\/td>\n<td>Jugendtanz<\/td>\n<td>20.05.<\/td>\n<\/tr>\n<tr>\n<td>1999<\/td>\n<td>Burgsinn<\/td>\n<td>Bez.Fest<\/td>\n<td>05.-06.06.<\/td>\n<\/tr>\n<tr>\n<td>1999<\/td>\n<td>Sommerhausen<\/td>\n<td>Jugendtag<\/td>\n<td>12.06.<\/td>\n<\/tr>\n<tr>\n<td>1999<\/td>\n<td>R\u00f6thlein<\/td>\n<td>Spielnachmittag<\/td>\n<td>04.07.<\/td>\n<\/tr>\n<tr>\n<td>1998<\/td>\n<td>Geldersheim<\/td>\n<td>Bez.Fest<\/td>\n<td>20.-21.06.<\/td>\n<\/tr>\n<tr>\n<td>1998<\/td>\n<td>W\u00fcrzburg<\/td>\n<td>Jugendtanz in Oberd\u00fcrrbach<\/td>\n<td>03.05.<\/td>\n<\/tr>\n<tr>\n<td>1997<\/td>\n<td>Euerbach<\/td>\n<td>Bez.Fest<\/td>\n<td>14.-15.06.<\/td>\n<\/tr>\n<tr>\n<td>1997<\/td>\n<td>Sennfeld<\/td>\n<td>Jugendtag<\/td>\n<td>24.04.<\/td>\n<\/tr>\n<tr>\n<td>1996<\/td>\n<td>Reichenbach<\/td>\n<td>Bez.Fest<\/td>\n<td>30.06.<\/td>\n<\/tr>\n<tr>\n<td>1995<\/td>\n<td>Frammersbach<\/td>\n<td>Bez.Fest<\/td>\n<td>15.07.<\/td>\n<\/tr>\n<tr>\n<td>1995<\/td>\n<td>Markt Einersheim<\/td>\n<td>Jugendvolkstanz<\/td>\n<td>20.05.<\/td>\n<\/tr>\n<tr>\n<td>1994<\/td>\n<td>Sennfeld<\/td>\n<td>Gau- u. Bez.Fest<\/td>\n<td>09.-10.07.<\/td>\n<\/tr>\n<tr>\n<td>1994<\/td>\n<td>Sennfeld<\/td>\n<td>Jugendvolkstanz<\/td>\n<td>07.05.<\/td>\n<\/tr>\n<tr>\n<td>1994<\/td>\n<td>R\u00f6thlein<\/td>\n<td>Spielnachmittag<\/td>\n<td>22.05.<\/td>\n<\/tr>\n<tr>\n<td>1993<\/td>\n<td>Ochsenfurt<\/td>\n<td>Bez.Fest<\/td>\n<td>29.05.<\/td>\n<\/tr>\n<tr>\n<td>1993<\/td>\n<td>Gochsheim<\/td>\n<td>Jugendtanz<\/td>\n<td>08.05.<\/td>\n<\/tr>\n<tr>\n<td>1992<\/td>\n<td>Sommerhausen<\/td>\n<td>Bez.Fest<\/td>\n<td>30.-31.05.<\/td>\n<\/tr>\n<tr>\n<td>1992<\/td>\n<td>Reichenbach<\/td>\n<td>Jugendtanz<\/td>\n<td>19.07.<\/td>\n<\/tr>\n<tr>\n<td>1991<\/td>\n<td>Burghausen<\/td>\n<td>Gr\u00fcndungsfest<\/td>\n<td>09.06.<\/td>\n<\/tr>\n<tr>\n<td>1991<\/td>\n<td>Markt Einersheim<\/td>\n<td>Jugendtanz<\/td>\n<td>04.05.<\/td>\n<\/tr>\n<tr>\n<td>1990<\/td>\n<td>R\u00f6thlein<\/td>\n<td>Bez.Fest<\/td>\n<td>27.-28.05.<\/td>\n<\/tr>\n<tr>\n<td>1990<\/td>\n<td>Faulbach<\/td>\n<td>ARGE Jugendtag im Rhein-Main-Gau<\/td>\n<td>22.07.<\/td>\n<\/tr>\n<tr>\n<td>1989<\/td>\n<td>Nordheim<\/td>\n<td>Bez.Fest<\/td>\n<td>10.-11.06.<\/td>\n<\/tr>\n<tr>\n<td>1989<\/td>\n<td>Sommerhausen<\/td>\n<td>Jugendtanz<\/td>\n<td>06.05.<\/td>\n<\/tr>\n<tr>\n<td>1988<\/td>\n<td>W\u00fcrzburg<\/td>\n<td>Bez.Fest<\/td>\n<td>28.-29.05.<\/td>\n<\/tr>\n<tr>\n<td>1988<\/td>\n<td>Gochsheim<\/td>\n<td>Jugendtanz<\/td>\n<td>07.05.<\/td>\n<\/tr>\n<tr>\n<td>1987<\/td>\n<td>Euerbach<\/td>\n<td>Bez.Fest<\/td>\n<td>28.-29.06.<\/td>\n<\/tr>\n<tr>\n<td>1987<\/td>\n<td>Sennfeld<\/td>\n<td>Jugendtag<\/td>\n<td>12.07.<\/td>\n<\/tr>\n<tr>\n<td>1987<\/td>\n<td>R\u00f6thlein<\/td>\n<td>Spielnachmittag<\/td>\n<td>08.-09.05.<\/td>\n<\/tr>\n<tr>\n<td>1986<\/td>\n<td>Burgsinn<\/td>\n<td>Bez.Fest<\/td>\n<td>12.-13.07.<\/td>\n<\/tr>\n<tr>\n<td>1986<\/td>\n<td>H\u00f6rstein<\/td>\n<td>ARGE Jugendtag im Rhein-Main-Gau<\/td>\n<td>27.04.<\/td>\n<\/tr>\n<tr>\n<td>1986<\/td>\n<td>Ochsenfurt<\/td>\n<td>Jugendtanz<\/td>\n<td>11.10.<\/td>\n<\/tr>\n<tr>\n<td>1985<\/td>\n<td>Schimborn<\/td>\n<td>Bez.Fest<\/td>\n<td>\u00a016.-17.06.<\/td>\n<\/tr>\n<tr>\n<td>1985<\/td>\n<td>Burgsinn<\/td>\n<td>Jugendtanz<\/td>\n<td>12.10.<\/td>\n<\/tr>\n<tr>\n<td>1985<\/td>\n<td>Reichenbach<\/td>\n<td>Trachtenwallfahrt<\/td>\n<td>19.05.<\/td>\n<\/tr>\n<tr>\n<td>1984<\/td>\n<td>Abtsroda<\/td>\n<td>Bez.Fest<\/td>\n<td>23.-24.06.<\/td>\n<\/tr>\n<tr>\n<td>1984<\/td>\n<td>W\u00fcrzburg<\/td>\n<td>Jugendtag<\/td>\n<td>08.07.<\/td>\n<\/tr>\n<tr>\n<td>1983<\/td>\n<td>M\u00fcnchen<\/td>\n<td>100-jahre Trachtenvereine<\/td>\n<td>\u00a003.07.<\/td>\n<\/tr>\n<tr>\n<td>1983<\/td>\n<td>H\u00f6chberg<\/td>\n<td>Bez.Fest<\/td>\n<td>\u00a018.-19.06.<\/td>\n<\/tr>\n<tr>\n<td>1983<\/td>\n<td>Abtsroda<\/td>\n<td>Trachtenwallfahrt<\/td>\n<td>\u00a015.05.<\/td>\n<\/tr>\n<tr>\n<td>1983<\/td>\n<td>W\u00fcrzburg<\/td>\n<td>Jugendtag<\/td>\n<td>08.07.<\/td>\n<\/tr>\n<tr>\n<td>1982<\/td>\n<td>Sennfeld<\/td>\n<td>Gaufest<\/td>\n<td>03.-04.07.<\/td>\n<\/tr>\n<tr>\n<td>1982<\/td>\n<td>Sommerhausen<\/td>\n<td>Bez.Fest<\/td>\n<td>\u00a006.-07.06<\/td>\n<\/tr>\n<tr>\n<td>1982<\/td>\n<td>Reichenbach<\/td>\n<td>Jugendtag<\/td>\n<td>02.05.<\/td>\n<\/tr>\n<tr>\n<td>1982<\/td>\n<td>Abtsroda<\/td>\n<td>Trachtenwallfahrt<\/td>\n<td>16.05.<\/td>\n<\/tr>\n<tr>\n<td>1981<\/td>\n<td>Glasofen<\/td>\n<td>Bez.Fest<\/td>\n<td>18.-19.07.<\/td>\n<\/tr>\n<tr>\n<td>1981<\/td>\n<td>Abtsroda<\/td>\n<td>Trachtenwallfahrt<\/td>\n<td>31.05.<\/td>\n<\/tr>\n<tr>\n<td>1980<\/td>\n<td>Schimborn<\/td>\n<td>Bez.Fest<\/td>\n<td>25.05.<\/td>\n<\/tr>\n<tr>\n<td>1980<\/td>\n<td>R\u00f6thlein<\/td>\n<td>Jugendtag<\/td>\n<td>01.06.<\/td>\n<\/tr>\n<tr>\n<td>1979<\/td>\n<td>Zeil<\/td>\n<td>Bez.Fest<\/td>\n<td>01.07.<\/td>\n<\/tr>\n<tr>\n<td>1979<\/td>\n<td>Abtsroda<\/td>\n<td>Trachtenfest<\/td>\n<td>22.07.<\/td>\n<\/tr>\n<tr>\n<td>1978<\/td>\n<td>W\u00fcrzburg<\/td>\n<td>Bez.Fest<\/td>\n<td>01.-02.07.<\/td>\n<\/tr>\n<tr>\n<td>1978<\/td>\n<td>Oberelsbach<\/td>\n<td>Jugendtag<\/td>\n<td>30.04.<\/td>\n<\/tr>\n<tr>\n<td>1977<\/td>\n<td>Markt Einersheim<\/td>\n<td>Bez.Fest<\/td>\n<td>18.-19.06.<\/td>\n<\/tr>\n<tr>\n<td>1977<\/td>\n<td>Bessenbach<\/td>\n<td>ARGE Jugendtag im Rhein-Main-Gau<\/td>\n<td>30.06.<\/td>\n<\/tr>\n<tr>\n<td>1976<\/td>\n<td>Burgsinn<\/td>\n<td>Bez.Fest<\/td>\n<td>10.-11.07.<\/td>\n<\/tr>\n<tr>\n<td>1976<\/td>\n<td>Gochsheim<\/td>\n<td>Jugendtag<\/td>\n<td>20.06.<\/td>\n<\/tr>\n<tr>\n<td>1975<\/td>\n<td>Sommerhausen<\/td>\n<td>Jugendtag<\/td>\n<td>25.05.<\/td>\n<\/tr>\n<tr>\n<td>1975<\/td>\n<td>R\u00f6thlein<\/td>\n<td>Bez.Fest<\/td>\n<td>08.06.<\/td>\n<\/tr>\n<tr>\n<td>1974<\/td>\n<td>Karlstadt<\/td>\n<td>Gau- u. Bez.Fest<\/td>\n<td>02.-03.07.<\/td>\n<\/tr>\n<tr>\n<td>1973<\/td>\n<td>Schweinfurt, Volksfestplatz<\/td>\n<td>22. Unterfr. Bez.Trachtenfest<\/td>\n<td>07.-08. Juli<\/td>\n<\/tr>\n<tr>\n<td>1972<\/td>\n<td>W\u00fcrzburg<\/td>\n<td>Jugendtag<\/td>\n<td>07.05.<\/td>\n<\/tr>\n<tr>\n<td>1972<\/td>\n<td>Sennfeld<\/td>\n<td>Bez.Fest<\/td>\n<td>02.07.<\/td>\n<\/tr>\n<tr>\n<td>1972<\/td>\n<td>M\u00fcnchen<\/td>\n<td>Auftritt Olympiade<\/td>\n<td>10.09.<\/td>\n<\/tr>\n<tr>\n<td>1971<\/td>\n<td>Oberelsbach<\/td>\n<td>Bez.Fest?<\/td>\n<td>06.06.<\/td>\n<\/tr>\n<tr>\n<td>1971<\/td>\n<td>Zeil<\/td>\n<td>Jugendtag<\/td>\n<td>26.09.<\/td>\n<\/tr>\n<tr>\n<td>1961<\/td>\n<td>Karlstadt<\/td>\n<td>11. Bez.Fest<\/td>\n<td><\/td>\n<\/tr>\n<tr>\n<td>1957<\/td>\n<td>Euerbach<\/td>\n<td>7. Bez.Fest<\/td>\n<td>25.-26.05.1957<\/td>\n<\/tr>\n<tr>\n<td>1954<\/td>\n<td>Karlstadt<\/td>\n<td>4. Bez.Fest mit Fahnenweihe<\/td>\n<td><\/td>\n<\/tr>\n<tr>\n<td>1949<\/td>\n<td>Euerbach<\/td>\n<td>1. Bezirksfest<\/td>\n<td>16.-17. Juli<\/td>\n<\/tr>\n<\/tbody>\n<\/table>\n<p>Bis 2011 wurden die Daten von unserer Ehrenjugendleiterin Hella Hanke recherchiert.<\/p>\n","protected":false},"excerpt":{"rendered":"<p>Infos zum Trachtenfest Neues vom Trachtenfest auf Facebook 6. Ufr. Gau-Trachtenfest in Schweinfurt Das Gaufest im Juni 2013 in Geldersheim war ein toller Erfolg. Jetzt blicken wir mit Freude in die Zukunft: am 21.06.2014 findet in Verbindung mit dem Schweinfurter Volksfestumzug das n\u00e4chste Gautrachtenfest statt. Nach dem Festzug finden Ehrent\u00e4nze im Volksfestzelt statt. Danach ist &hellip; <a href=\"https:\/\/www.trachtenverband-unterfranken.de\/?page_id=3549\" class=\"more-link\"><span class=\"screen-reader-text\">Geschichte<\/span> weiterlesen<\/a><\/p>\n","protected":false},"author":3,"featured_media":0,"parent":2976,"menu_order":0,"comment_status":"closed","ping_status":"closed","template":"","meta":{"footnotes":""},"_links":{"self":[{"href":"https:\/\/www.trachtenverband-unterfranken.de\/index.php?rest_route=\/wp\/v2\/pages\/3549"}],"collection":[{"href":"https:\/\/www.trachtenverband-unterfranken.de\/index.php?rest_route=\/wp\/v2\/pages"}],"about":[{"href":"https:\/\/www.trachtenverband-unterfranken.de\/index.php?rest_route=\/wp\/v2\/types\/page"}],"author":[{"embeddable":true,"href":"https:\/\/www.trachtenverband-unterfranken.de\/index.php?rest_route=\/wp\/v2\/users\/3"}],"replies":[{"embeddable":true,"href":"https:\/\/www.trachtenverband-unterfranken.de\/index.php?rest_route=%2Fwp%2Fv2%2Fcomments&post=3549"}],"version-history":[{"count":10,"href":"https:\/\/www.trachtenverband-unterfranken.de\/index.php?rest_route=\/wp\/v2\/pages\/3549\/revisions"}],"predecessor-version":[{"id":5157,"href":"https:\/\/www.trachtenverband-unterfranken.de\/index.php?rest_route=\/wp\/v2\/pages\/3549\/revisions\/5157"}],"up":[{"embeddable":true,"href":"https:\/\/www.trachtenverband-unterfranken.de\/index.php?rest_route=\/wp\/v2\/pages\/2976"}],"wp:attachment":[{"href":"https:\/\/www.trachtenverband-unterfranken.de\/index.php?rest_route=%2Fwp%2Fv2%2Fmedia&parent=3549"}],"curies":[{"name":"wp","href":"https:\/\/api.w.org\/{rel}","templated":true}]}}