{"id":5951,"date":"2023-06-27T16:32:26","date_gmt":"2023-06-27T14:32:26","guid":{"rendered":"https:\/\/www.trachtenverband-unterfranken.de\/?page_id=5951"},"modified":"2023-06-27T16:32:26","modified_gmt":"2023-06-27T14:32:26","slug":"100-jahre-die-lustigen-spessartwaeldler-heimbuchenthal","status":"publish","type":"page","link":"https:\/\/www.trachtenverband-unterfranken.de\/?page_id=5951","title":{"rendered":"100 Jahre &#8211; die lustigen Spessartw\u00e4ldler Heimbuchenthal"},"content":{"rendered":"\n<p>Zum Heimatabend am Jubil\u00e4umsfest der Heimbuchenthaler gratulierte die 1. Gauvorsitzende Inge Burkhard-Vatterodt im Namen des Gauverbands. Vom Trachtenverband Unterfranken waren die Trachtenvereine Gochsheim, Geldersheim, H\u00f6chberg, Glasofen und W\u00fcrzburg sowie einige Vereine des Rhein-Main-Gauverbands gekommen. <\/p>\n\n\n\n\n\n<p>Die Spessartw\u00e4ldler ernannten ihren 2. Vorsitzenden Roland Fath zum Ehrenmitglied im Verein. Er ist die gute Seele des Vereins und auch der gro\u00dfe Br\u00fcckenbauer hin zu anderen Vereinen und Verb\u00e4nden.<\/p>\n\n\n<div class=\"wp-block-image\">\n<figure class=\"aligncenter size-full is-resized\"><img loading=\"lazy\" decoding=\"async\" src=\"https:\/\/www.trachtenverband-unterfranken.de\/wp-content\/uploads\/2023\/06\/2023-06-24-Heimbuchenthal-Foto-O.-Brust-6-1-edited.jpg\" alt=\"\" class=\"wp-image-5954\" width=\"312\" height=\"555\" srcset=\"https:\/\/www.trachtenverband-unterfranken.de\/wp-content\/uploads\/2023\/06\/2023-06-24-Heimbuchenthal-Foto-O.-Brust-6-1-edited.jpg 281w, https:\/\/www.trachtenverband-unterfranken.de\/wp-content\/uploads\/2023\/06\/2023-06-24-Heimbuchenthal-Foto-O.-Brust-6-1-edited-169x300.jpg 169w\" sizes=\"(max-width: 312px) 100vw, 312px\" \/><\/figure><\/div>\n\n\n<figure class=\"wp-block-image size-full\"><img loading=\"lazy\" decoding=\"async\" width=\"750\" height=\"422\" src=\"https:\/\/www.trachtenverband-unterfranken.de\/wp-content\/uploads\/2023\/06\/2023-06-24-Heimbuchenthal-Foto-O.-Brust-8.jpg\" alt=\"\" class=\"wp-image-5955\" srcset=\"https:\/\/www.trachtenverband-unterfranken.de\/wp-content\/uploads\/2023\/06\/2023-06-24-Heimbuchenthal-Foto-O.-Brust-8.jpg 750w, https:\/\/www.trachtenverband-unterfranken.de\/wp-content\/uploads\/2023\/06\/2023-06-24-Heimbuchenthal-Foto-O.-Brust-8-300x169.jpg 300w\" sizes=\"(max-width: 750px) 100vw, 750px\" \/><\/figure>\n\n\n\n<figure class=\"wp-block-image size-full\"><img loading=\"lazy\" decoding=\"async\" width=\"750\" height=\"422\" src=\"https:\/\/www.trachtenverband-unterfranken.de\/wp-content\/uploads\/2023\/06\/2023-06-24-Heimbuchenthal-Foto-O.-Brust-11.jpg\" alt=\"\" class=\"wp-image-5956\" srcset=\"https:\/\/www.trachtenverband-unterfranken.de\/wp-content\/uploads\/2023\/06\/2023-06-24-Heimbuchenthal-Foto-O.-Brust-11.jpg 750w, https:\/\/www.trachtenverband-unterfranken.de\/wp-content\/uploads\/2023\/06\/2023-06-24-Heimbuchenthal-Foto-O.-Brust-11-300x169.jpg 300w\" sizes=\"(max-width: 750px) 100vw, 750px\" \/><\/figure>\n\n\n\n<figure class=\"wp-block-image size-full\"><img loading=\"lazy\" decoding=\"async\" width=\"750\" height=\"422\" src=\"https:\/\/www.trachtenverband-unterfranken.de\/wp-content\/uploads\/2023\/06\/2023-06-24-Heimbuchenthal-Foto-O.-Brust-12.jpg\" alt=\"\" class=\"wp-image-5958\" srcset=\"https:\/\/www.trachtenverband-unterfranken.de\/wp-content\/uploads\/2023\/06\/2023-06-24-Heimbuchenthal-Foto-O.-Brust-12.jpg 750w, https:\/\/www.trachtenverband-unterfranken.de\/wp-content\/uploads\/2023\/06\/2023-06-24-Heimbuchenthal-Foto-O.-Brust-12-300x169.jpg 300w\" sizes=\"(max-width: 750px) 100vw, 750px\" \/><\/figure>\n\n\n\n<p><\/p>\n","protected":false},"excerpt":{"rendered":"<p>Zum Heimatabend am Jubil\u00e4umsfest der Heimbuchenthaler gratulierte die 1. Gauvorsitzende Inge Burkhard-Vatterodt im Namen des Gauverbands. Vom Trachtenverband Unterfranken waren die Trachtenvereine Gochsheim, Geldersheim, H\u00f6chberg, Glasofen und W\u00fcrzburg sowie einige Vereine des Rhein-Main-Gauverbands gekommen. Die Spessartw\u00e4ldler ernannten ihren 2. Vorsitzenden Roland Fath zum Ehrenmitglied im Verein. Er ist die gute Seele des Vereins und auch &hellip; <a href=\"https:\/\/www.trachtenverband-unterfranken.de\/?page_id=5951\" class=\"more-link\"><span class=\"screen-reader-text\">100 Jahre &#8211; die lustigen Spessartw\u00e4ldler Heimbuchenthal<\/span> weiterlesen<\/a><\/p>\n","protected":false},"author":7,"featured_media":0,"parent":0,"menu_order":0,"comment_status":"closed","ping_status":"closed","template":"","meta":{"footnotes":""},"_links":{"self":[{"href":"https:\/\/www.trachtenverband-unterfranken.de\/index.php?rest_route=\/wp\/v2\/pages\/5951"}],"collection":[{"href":"https:\/\/www.trachtenverband-unterfranken.de\/index.php?rest_route=\/wp\/v2\/pages"}],"about":[{"href":"https:\/\/www.trachtenverband-unterfranken.de\/index.php?rest_route=\/wp\/v2\/types\/page"}],"author":[{"embeddable":true,"href":"https:\/\/www.trachtenverband-unterfranken.de\/index.php?rest_route=\/wp\/v2\/users\/7"}],"replies":[{"embeddable":true,"href":"https:\/\/www.trachtenverband-unterfranken.de\/index.php?rest_route=%2Fwp%2Fv2%2Fcomments&post=5951"}],"version-history":[{"count":4,"href":"https:\/\/www.trachtenverband-unterfranken.de\/index.php?rest_route=\/wp\/v2\/pages\/5951\/revisions"}],"predecessor-version":[{"id":5962,"href":"https:\/\/www.trachtenverband-unterfranken.de\/index.php?rest_route=\/wp\/v2\/pages\/5951\/revisions\/5962"}],"wp:attachment":[{"href":"https:\/\/www.trachtenverband-unterfranken.de\/index.php?rest_route=%2Fwp%2Fv2%2Fmedia&parent=5951"}],"curies":[{"name":"wp","href":"https:\/\/api.w.org\/{rel}","templated":true}]}}